{"id":28,"date":"2009-01-10T15:13:51","date_gmt":"2009-01-10T14:13:51","guid":{"rendered":"http:\/\/www.dergaukler.de\/wordpress\/?page_id=28"},"modified":"2010-11-21T17:32:09","modified_gmt":"2010-11-21T16:32:09","slug":"workshops","status":"publish","type":"page","link":"https:\/\/www.dergaukler.de\/wordpress\/?page_id=28","title":{"rendered":"-Workshops-"},"content":{"rendered":"<p><a class=\"shutterset\" href=\"http:\/\/www.dergaukler.de\/wordpress\/wp-content\/uploads\/2009\/01\/rami.jpg\"><img decoding=\"async\" loading=\"lazy\" class=\"alignright size-thumbnail wp-image-76\" style=\"border: 0pt none;\" title=\"Ralf &amp; Mimo\" src=\"http:\/\/www.dergaukler.de\/wordpress\/wp-content\/uploads\/2009\/01\/rami-150x150.jpg\" alt=\"Ralf &amp; Mimo\" width=\"150\" height=\"150\" \/><\/a>Nach den sch\u00f6nen Erfolgen in den vergangenen Jahren und aufgrund der permanent hohen Nachfrage nach Einrad-Kursen gibt es auch 2009 wieder zwei fortlaufende Einrad-Kurse \u00fcber jeweils sechs \u201eKurssamstage\u201c.<br \/>\nAnf\u00e4nger bekommen reichlich Zeit und Hilfe, um sich unter guten Bedingungen mit dem Einrad vertraut zu machen und das Fahren zu lernen. Und Fortgeschrittene k\u00f6nnen jede Menge unterschiedlicher Tricks \u00fcben \u2013 wie das Pendeln, freie Aufstiege, r\u00fcckw\u00e4rts fahren&#8230; Ralf und Mimo geben Tipps, zeigen Wege wie es geht und helfen nat\u00fcrlich auch beim Einstellen der R\u00e4der.<br \/>\nWer mag, kann innerhalb des Kurses auch gezielt f\u00fcr ein <a href=\"http:\/\/www.dergaukler.de\/wordpress\/?page_id=44\">Einrad-Diplom<\/a> \u00fcben (wie z. B. das \u201eMini-Seepferdchen\u201c)\u00a0 oder evtl. sogar schon die entsprechende \u201ePr\u00fcfung\u201c machen. Eigene Einr\u00e4der sollen gerne mitgebracht werden, es stehen aber auch einige Einr\u00e4der und \u201eGiraffen\u201c zum \u00dcben bereit.<br \/>\nF\u00fcr Kinder, Jugendliche und Erwachsene.<\/p>\n<p><strong>Info:<\/strong> Bitte zu diesen Workshops bequeme Kleidung, evtl. vorhandene Requisiten sowie einen Imbiss f\u00fcr die Mittagspause mitbringen. Wegen der begrenzten Teilnehmerzahl ist eine fr\u00fchzeitige Anmeldung unter Tel.: 0271\/333-2448 zu empfehlen. Als idealer \u201e\u00dcbungsraum\u201c steht f\u00fcr alle Workshops die gro\u00dfe Aula des L\u00ffz zur Verf\u00fcgung.<\/p>\n<p><em>Kursgeb\u00fchr insgesamt f\u00fcr alle 6 Termine, je Kurs: 72,- \u20ac, erm.: 60,- \u20ac. Anmeldung nur \u00fcber die VVK-Stelle im L\u00ffz m\u00f6glich. Tel.: 0271\/333-2448<\/em><\/p>\n","protected":false},"excerpt":{"rendered":"<p>Nach den sch\u00f6nen Erfolgen in den vergangenen Jahren und aufgrund der permanent hohen Nachfrage nach Einrad-Kursen gibt es auch 2009 wieder zwei fortlaufende Einrad-Kurse \u00fcber jeweils sechs \u201eKurssamstage\u201c. Anf\u00e4nger bekommen reichlich Zeit und Hilfe, um sich unter guten Bedingungen mit dem Einrad vertraut zu machen und das Fahren zu lernen. Und Fortgeschrittene k\u00f6nnen jede Menge [&hellip;]<\/p>\n","protected":false},"author":1,"featured_media":0,"parent":0,"menu_order":4,"comment_status":"open","ping_status":"open","template":"","meta":[],"_links":{"self":[{"href":"https:\/\/www.dergaukler.de\/wordpress\/index.php?rest_route=\/wp\/v2\/pages\/28"}],"collection":[{"href":"https:\/\/www.dergaukler.de\/wordpress\/index.php?rest_route=\/wp\/v2\/pages"}],"about":[{"href":"https:\/\/www.dergaukler.de\/wordpress\/index.php?rest_route=\/wp\/v2\/types\/page"}],"author":[{"embeddable":true,"href":"https:\/\/www.dergaukler.de\/wordpress\/index.php?rest_route=\/wp\/v2\/users\/1"}],"replies":[{"embeddable":true,"href":"https:\/\/www.dergaukler.de\/wordpress\/index.php?rest_route=%2Fwp%2Fv2%2Fcomments&post=28"}],"version-history":[{"count":12,"href":"https:\/\/www.dergaukler.de\/wordpress\/index.php?rest_route=\/wp\/v2\/pages\/28\/revisions"}],"predecessor-version":[{"id":42,"href":"https:\/\/www.dergaukler.de\/wordpress\/index.php?rest_route=\/wp\/v2\/pages\/28\/revisions\/42"}],"wp:attachment":[{"href":"https:\/\/www.dergaukler.de\/wordpress\/index.php?rest_route=%2Fwp%2Fv2%2Fmedia&parent=28"}],"curies":[{"name":"wp","href":"https:\/\/api.w.org\/{rel}","templated":true}]}}