{"id":151,"date":"2009-01-27T19:47:23","date_gmt":"2009-01-27T18:47:23","guid":{"rendered":"http:\/\/www.dergaukler.de\/wordpress\/?page_id=151"},"modified":"2010-11-21T16:31:41","modified_gmt":"2010-11-21T15:31:41","slug":"ralf-der-gaukler","status":"publish","type":"page","link":"https:\/\/www.dergaukler.de\/wordpress\/?page_id=151","title":{"rendered":"Ralf der Gaukler"},"content":{"rendered":"<p>In seinem kurzweiligen, publikumsnahen Mix aus Jonglage, Clownerie, Akrobatik und &#8222;atemberaubender Feuershow&#8220; <a href=\"http:\/\/www.dergaukler.de\/wordpress\/wp-content\/uploads\/2009\/01\/reisebs99.jpg\"><img decoding=\"async\" loading=\"lazy\" class=\"alignright size-medium wp-image-155\" style=\"border: 0pt none;\" title=\"reisebs99\" src=\"http:\/\/www.dergaukler.de\/wordpress\/wp-content\/uploads\/2009\/01\/reisebs99-150x300.jpg\" alt=\"reisebs99\" width=\"150\" height=\"300\" srcset=\"https:\/\/www.dergaukler.de\/wordpress\/wp-content\/uploads\/2009\/01\/reisebs99-150x300.jpg 150w, https:\/\/www.dergaukler.de\/wordpress\/wp-content\/uploads\/2009\/01\/reisebs99-514x1024.jpg 514w, https:\/\/www.dergaukler.de\/wordpress\/wp-content\/uploads\/2009\/01\/reisebs99.jpg 1180w\" sizes=\"(max-width: 150px) 100vw, 150px\" \/><\/a>(Westfalenpost) hat der Mann mit dem Hut alles dabei, was fliegt:<br \/>\nRinge, Keulen, B\u00e4lle, Fackeln, ja sogar dem Einrad lehrt er, vom Boden abzuheben.<br \/>\nUnd wem es nicht reicht, die Kunstst\u00fccke des &#8222;Witzigen Tausendsassas&#8220; (Westf\u00e4lische Rundschau) zu bestaunen, na der wird kurzerhand selbst zum mutigen Artisten verzaubert!<\/p>\n<p>30-60 Min.Auftritte, auch als Kurz-Acts \u00fcber den Tag verteilt<br \/>\n90-Min. Show mit dem Jonglage- und Artistik-Trio MoRaMi<\/p>\n<p>Ein temporeiches Ein-Mann-Spektakel f\u00fcr&#8230;.<br \/>\nPrivat- und Betriebsfeiern<br \/>\nVereins- und Sportfeste<br \/>\nKinderveranstaltungen<br \/>\nPr\u00e4sentationen, Er\u00f6ffnungen, Empf\u00e4nge, Festivals, Jubil\u00e4en, Messen, und&#8230;&#8230;<\/p>\n<p><a href=\"?page_id=2\">Wer steckt dahinter?<\/a><\/p>\n","protected":false},"excerpt":{"rendered":"<p>In seinem kurzweiligen, publikumsnahen Mix aus Jonglage, Clownerie, Akrobatik und &#8222;atemberaubender Feuershow&#8220; (Westfalenpost) hat der Mann mit dem Hut alles dabei, was fliegt: Ringe, Keulen, B\u00e4lle, Fackeln, ja sogar dem Einrad lehrt er, vom Boden abzuheben. Und wem es nicht reicht, die Kunstst\u00fccke des &#8222;Witzigen Tausendsassas&#8220; (Westf\u00e4lische Rundschau) zu bestaunen, na der wird kurzerhand selbst [&hellip;]<\/p>\n","protected":false},"author":1,"featured_media":0,"parent":30,"menu_order":2,"comment_status":"open","ping_status":"open","template":"","meta":[],"_links":{"self":[{"href":"https:\/\/www.dergaukler.de\/wordpress\/index.php?rest_route=\/wp\/v2\/pages\/151"}],"collection":[{"href":"https:\/\/www.dergaukler.de\/wordpress\/index.php?rest_route=\/wp\/v2\/pages"}],"about":[{"href":"https:\/\/www.dergaukler.de\/wordpress\/index.php?rest_route=\/wp\/v2\/types\/page"}],"author":[{"embeddable":true,"href":"https:\/\/www.dergaukler.de\/wordpress\/index.php?rest_route=\/wp\/v2\/users\/1"}],"replies":[{"embeddable":true,"href":"https:\/\/www.dergaukler.de\/wordpress\/index.php?rest_route=%2Fwp%2Fv2%2Fcomments&post=151"}],"version-history":[{"count":9,"href":"https:\/\/www.dergaukler.de\/wordpress\/index.php?rest_route=\/wp\/v2\/pages\/151\/revisions"}],"predecessor-version":[{"id":154,"href":"https:\/\/www.dergaukler.de\/wordpress\/index.php?rest_route=\/wp\/v2\/pages\/151\/revisions\/154"}],"up":[{"embeddable":true,"href":"https:\/\/www.dergaukler.de\/wordpress\/index.php?rest_route=\/wp\/v2\/pages\/30"}],"wp:attachment":[{"href":"https:\/\/www.dergaukler.de\/wordpress\/index.php?rest_route=%2Fwp%2Fv2%2Fmedia&parent=151"}],"curies":[{"name":"wp","href":"https:\/\/api.w.org\/{rel}","templated":true}]}}