{"id":940,"date":"2010-11-20T13:53:46","date_gmt":"2010-11-20T12:53:46","guid":{"rendered":"http:\/\/www.dergaukler.de\/wordpress\/?page_id=940"},"modified":"2012-11-22T16:26:50","modified_gmt":"2012-11-22T15:26:50","slug":"gaukelspektakel-2","status":"publish","type":"page","link":"http:\/\/www.dergaukler.de\/wordpress\/?page_id=940","title":{"rendered":"GaukelSpektakel"},"content":{"rendered":"<p><a href=\"http:\/\/www.dergaukler.de\/wordpress\/wp-content\/uploads\/2009\/01\/gaukel43.gif\"><img decoding=\"async\" loading=\"lazy\" class=\"size-full wp-image-483 alignleft\" style=\"border: 0pt none;\" title=\"gaukel43\" src=\"http:\/\/www.dergaukler.de\/wordpress\/wp-content\/uploads\/2009\/01\/gaukel43.gif\" alt=\"gaukel43\" width=\"211\" height=\"83\" \/><\/a><\/p>\n<h2><span><span style=\"color: #ff0000;\">Kids on Stage<\/span><\/span><\/h2>\n<p><span>F\u00fcr diese Variet\u00e9-Show von Kindern und Jugendlichen sucht Ralf der Gaukler noch Mitspieler! Denn die K\u00fcnstler <\/span>dieses Nachmittags, die auf der B\u00fchne ihr K\u00f6nnen zeigen werden, stehen noch nicht fest. Das Gaukelspektakel ist eine &#8222;offene B\u00fchne&#8220; f\u00fcr Kinder und Jugendliche.<\/p>\n<p><a href=\"http:\/\/www.dergaukler.de\/wordpress\/wp-content\/uploads\/2009\/01\/flyer_gs011klein.jpg\"><img decoding=\"async\" loading=\"lazy\" class=\"size-full wp-image-17 alignright\" style=\"border: 0pt none;\" title=\"flyer_gs011klein\" src=\"http:\/\/www.dergaukler.de\/wordpress\/wp-content\/uploads\/2009\/01\/flyer_gs011klein.jpg\" alt=\"flyer_gs011klein\" width=\"162\" height=\"228\" srcset=\"http:\/\/www.dergaukler.de\/wordpress\/wp-content\/uploads\/2009\/01\/flyer_gs011klein.jpg 574w, http:\/\/www.dergaukler.de\/wordpress\/wp-content\/uploads\/2009\/01\/flyer_gs011klein-214x300.jpg 214w\" sizes=\"(max-width: 162px) 100vw, 162px\" \/><\/a><\/p>\n<p><span style=\"color: #ff0000;\"><strong> Gesucht werden:<\/strong> <\/span>Zauberer, T\u00e4nzer, Jongleure, Akrobaten, Musiker, S\u00e4nger, Clowns, Witzeerz\u00e4hler, Comedians, und alles was zu einem richtigen Variet\u00e9 passt, im Alter von 6 bis 16 Jahren! Bei den Auff\u00fchrungen wird es neben der Moderation von Ralf dem Gaukler immer einen speziellen Gast geben (z.B. aus dem L\u00ffzKidsVariet\u00e9). Hauptact sind jedoch die hoffentlich zahlreichen jungen K\u00fcnstlerinnen und K\u00fcnstler. Wenn Ihr also eine eigene \u201eShow-Nummer\u201c habt, die Ihr vor Publikum auf einer richtigen B\u00fchne auff\u00fchren wollt, so meldet Euch bei Ralf dem Gaukler unter 02732\/791671 oder mit einer E-Mail an <a href=\"mailto:ralf@dergaukler.de\">ralf@dergaukler.de<\/a><\/p>\n<p>Aber nicht nur junge K\u00fcnstler sind gefragt. Wir hoffen, da\u00df auch zahlreiche Zuschauer zu den garantiert interessanten Shows erscheinen! Wer Interesse hat, sollte fr\u00fchzeitig Karten \u00fcbers Kulturb\u00fcro in Siegen unter<span style=\"color: #ff0000;\"> <strong>0271\/3332448<\/strong><\/span> oder unter <strong><span style=\"color: #ff0000;\"><a title=\"Lyz\" href=\"http:\/\/www.lyz.de\/\" target=\"_blank\">www.lyz.de <\/a><\/span><\/strong>ordern!<\/p>\n<h5>Ank\u00fcndigungen findet ihr unter:<\/h5>\n<h3>&#8222;Neues vom Gaukelspektakel&#8220;<\/h3>\n<h2><span style=\"color: #ff0000;\">Termine Spielzeit 2012\/2013:<\/span><\/h2>\n<h2><span style=\"color: #ff0000;\">02.12.2012 &amp; 17.02.2013<\/span><\/h2>\n<h2><span style=\"color: #ff0000;\">jeweils um 15:00 Uhr <\/span><\/h2>\n<h2><span style=\"color: #ff0000;\">im Medien- und Kulturhaus L<\/span><span style=\"color: #ff0000;\">\u00ffz in Siegen im Kleinen Theater<\/span><\/h2>\n<p>Fotos von der ersten Show gibt es [<a href=\"..\/?page_id=67\">hier<\/a>]. Weitere Fotos findet ihr unter Gaukelspektakel\/Fotos!<\/p>\n<p style=\"text-align: center;\"><a href=\"http:\/\/www.dergaukler.de\/wordpress\/wp-content\/uploads\/2009\/01\/PlakatGSLyzMitSchriftKlein1.jpg\"><img decoding=\"async\" loading=\"lazy\" class=\"aligncenter size-full wp-image-914\" style=\"border: 0pt none;\" title=\"PlakatGSLyzMitSchriftKlein\" src=\"http:\/\/www.dergaukler.de\/wordpress\/wp-content\/uploads\/2009\/01\/PlakatGSLyzMitSchriftKlein1.jpg\" alt=\"PlakatGSLyzMitSchriftKlein\" width=\"244\" height=\"344\" srcset=\"http:\/\/www.dergaukler.de\/wordpress\/wp-content\/uploads\/2009\/01\/PlakatGSLyzMitSchriftKlein1.jpg 1059w, http:\/\/www.dergaukler.de\/wordpress\/wp-content\/uploads\/2009\/01\/PlakatGSLyzMitSchriftKlein1-212x300.jpg 212w, http:\/\/www.dergaukler.de\/wordpress\/wp-content\/uploads\/2009\/01\/PlakatGSLyzMitSchriftKlein1-725x1024.jpg 725w\" sizes=\"(max-width: 244px) 100vw, 244px\" \/><\/a><a href=\"..\/wp-content\/uploads\/2009\/01\/PlakatGSLyzMitSchriftKlein1.jpg\"><br \/>\n<\/a><\/p>\n","protected":false},"excerpt":{"rendered":"<p>Kids on Stage F\u00fcr diese Variet\u00e9-Show von Kindern und Jugendlichen sucht Ralf der Gaukler noch Mitspieler! Denn die K\u00fcnstler dieses Nachmittags, die auf der B\u00fchne ihr K\u00f6nnen zeigen werden, stehen noch nicht fest. Das Gaukelspektakel ist eine &#8222;offene B\u00fchne&#8220; f\u00fcr Kinder und Jugendliche. Gesucht werden: Zauberer, T\u00e4nzer, Jongleure, Akrobaten, Musiker, S\u00e4nger, Clowns, Witzeerz\u00e4hler, Comedians, und [&hellip;]<\/p>\n","protected":false},"author":1,"featured_media":0,"parent":9,"menu_order":1,"comment_status":"open","ping_status":"open","template":"","meta":[],"_links":{"self":[{"href":"http:\/\/www.dergaukler.de\/wordpress\/index.php?rest_route=\/wp\/v2\/pages\/940"}],"collection":[{"href":"http:\/\/www.dergaukler.de\/wordpress\/index.php?rest_route=\/wp\/v2\/pages"}],"about":[{"href":"http:\/\/www.dergaukler.de\/wordpress\/index.php?rest_route=\/wp\/v2\/types\/page"}],"author":[{"embeddable":true,"href":"http:\/\/www.dergaukler.de\/wordpress\/index.php?rest_route=\/wp\/v2\/users\/1"}],"replies":[{"embeddable":true,"href":"http:\/\/www.dergaukler.de\/wordpress\/index.php?rest_route=%2Fwp%2Fv2%2Fcomments&post=940"}],"version-history":[{"count":22,"href":"http:\/\/www.dergaukler.de\/wordpress\/index.php?rest_route=\/wp\/v2\/pages\/940\/revisions"}],"predecessor-version":[{"id":954,"href":"http:\/\/www.dergaukler.de\/wordpress\/index.php?rest_route=\/wp\/v2\/pages\/940\/revisions\/954"}],"up":[{"embeddable":true,"href":"http:\/\/www.dergaukler.de\/wordpress\/index.php?rest_route=\/wp\/v2\/pages\/9"}],"wp:attachment":[{"href":"http:\/\/www.dergaukler.de\/wordpress\/index.php?rest_route=%2Fwp%2Fv2%2Fmedia&parent=940"}],"curies":[{"name":"wp","href":"https:\/\/api.w.org\/{rel}","templated":true}]}}