{"id":920,"date":"2010-11-20T13:26:53","date_gmt":"2010-11-20T12:26:53","guid":{"rendered":"http:\/\/www.dergaukler.de\/wordpress\/?page_id=920"},"modified":"2010-11-20T18:57:18","modified_gmt":"2010-11-20T17:57:18","slug":"morami","status":"publish","type":"page","link":"http:\/\/www.dergaukler.de\/wordpress\/?page_id=920","title":{"rendered":"MoRaMi"},"content":{"rendered":"<p>MoRaMi , das sind<\/p>\n<p><span style=\"color: #ff0000;\"><strong>Mo<\/strong> <\/span>de Bleu, <span style=\"color: #ff0000;\"><strong>Ra<\/strong><\/span>lf der Gaukler und <strong><span style=\"color: #ff0000;\">Mi<\/span><\/strong>mo<\/p>\n<div id=\"attachment_31\" style=\"width: 222px\" class=\"wp-caption alignright\"><a href=\"http:\/\/www.dergaukler.de\/wordpress\/wp-content\/uploads\/2009\/01\/morami.jpg\"><img aria-describedby=\"caption-attachment-31\" decoding=\"async\" loading=\"lazy\" class=\"size-full wp-image-31 \" style=\"border: 0pt none;\" title=\"morami\" src=\"http:\/\/www.dergaukler.de\/wordpress\/wp-content\/uploads\/2009\/01\/morami.jpg\" alt=\"MoRaMi\" width=\"212\" height=\"146\" srcset=\"http:\/\/www.dergaukler.de\/wordpress\/wp-content\/uploads\/2009\/01\/morami.jpg 400w, http:\/\/www.dergaukler.de\/wordpress\/wp-content\/uploads\/2009\/01\/morami-300x207.jpg 300w\" sizes=\"(max-width: 212px) 100vw, 212px\" \/><\/a><p id=\"caption-attachment-31\" class=\"wp-caption-text\">MoRaMi<\/p><\/div>\n<dl id=\"attachment_31\" style=\"width: 249px;\">\n<dt> <\/dt>\n<\/dl>\n<p>drei Temperamente wie sie unterschiedlicher nicht sein k\u00f6nnen, verschmelzen doch auf der B\u00fchne zu einem Ganzen.<br \/>\nOb im Duo, Trio oder solo, auf dem Rola-Bola oder auf den Schultern des  Partners &#8211; die Drei jonglieren, was das Zeug h\u00e4lt! Keulen, Ringe und B\u00e4lle schwirren in immer neuen bunten Mustern durch die L\u00fcfte. In  rasanter Geschwindigkeit rotieren leuchtende T\u00fccher im Schwarzlicht, und  Fackeln malen feurige Bilder in die Dunkelheit. Aufs Feinste  musikalisch abgestimmt, sind die Nummern nicht nur Augen-, sondern auch  Ohrenschmaus.<\/p>\n<p>Und nat\u00fcrlich hat jeder seine &#8222;special number&#8220;: Mo ist der Meister am  Diabolo, Ralf der Mann mit den Flammen &#8230; und Mimo? Der zeigt als  &#8222;K\u00fcchenchef&#8220;, was er unter einer &#8222;hei\u00dfen&#8220; Jonglage versteht&#8230;!  Temporeich, voller Spielfreude und unaufh\u00f6rlich der Schwerkraft trotzend  pr\u00e4sentiert das Trio sein Potpourri aus Jonglage und Artistik, gew\u00fcrzt  mit einem Spritzer Clownerie.<br \/>\n<em>Kontakt:<\/em><br \/>\nRalf Derichs, Bottenbacherstr.57, 57223Kreuztal<br \/>\nTel.:02732\/791671 Fax:02732\/791672<br \/>\nE-Mail: <a href=\"mailto:ralf@dergaukler.de\">ralf@dergaukler.de<\/a><\/p>\n","protected":false},"excerpt":{"rendered":"<p>MoRaMi , das sind Mo de Bleu, Ralf der Gaukler und Mimo drei Temperamente wie sie unterschiedlicher nicht sein k\u00f6nnen, verschmelzen doch auf der B\u00fchne zu einem Ganzen. Ob im Duo, Trio oder solo, auf dem Rola-Bola oder auf den Schultern des Partners &#8211; die Drei jonglieren, was das Zeug h\u00e4lt! Keulen, Ringe und B\u00e4lle [&hellip;]<\/p>\n","protected":false},"author":1,"featured_media":0,"parent":30,"menu_order":0,"comment_status":"open","ping_status":"open","template":"","meta":[],"_links":{"self":[{"href":"http:\/\/www.dergaukler.de\/wordpress\/index.php?rest_route=\/wp\/v2\/pages\/920"}],"collection":[{"href":"http:\/\/www.dergaukler.de\/wordpress\/index.php?rest_route=\/wp\/v2\/pages"}],"about":[{"href":"http:\/\/www.dergaukler.de\/wordpress\/index.php?rest_route=\/wp\/v2\/types\/page"}],"author":[{"embeddable":true,"href":"http:\/\/www.dergaukler.de\/wordpress\/index.php?rest_route=\/wp\/v2\/users\/1"}],"replies":[{"embeddable":true,"href":"http:\/\/www.dergaukler.de\/wordpress\/index.php?rest_route=%2Fwp%2Fv2%2Fcomments&post=920"}],"version-history":[{"count":13,"href":"http:\/\/www.dergaukler.de\/wordpress\/index.php?rest_route=\/wp\/v2\/pages\/920\/revisions"}],"predecessor-version":[{"id":931,"href":"http:\/\/www.dergaukler.de\/wordpress\/index.php?rest_route=\/wp\/v2\/pages\/920\/revisions\/931"}],"up":[{"embeddable":true,"href":"http:\/\/www.dergaukler.de\/wordpress\/index.php?rest_route=\/wp\/v2\/pages\/30"}],"wp:attachment":[{"href":"http:\/\/www.dergaukler.de\/wordpress\/index.php?rest_route=%2Fwp%2Fv2%2Fmedia&parent=920"}],"curies":[{"name":"wp","href":"https:\/\/api.w.org\/{rel}","templated":true}]}}