{"id":574,"date":"2009-03-13T20:25:01","date_gmt":"2009-03-13T19:25:01","guid":{"rendered":"http:\/\/www.dergaukler.de\/wordpress\/?page_id=574"},"modified":"2009-03-13T21:39:36","modified_gmt":"2009-03-13T20:39:36","slug":"newsletter","status":"publish","type":"page","link":"http:\/\/www.dergaukler.de\/wordpress\/?page_id=574","title":{"rendered":"-Newsletter-"},"content":{"rendered":"<p>Hallo Freunde!<\/p>\n<p>Falls ihr Interesse an den neusten Neuigkeiten von MoRaMi (oder auch von Ralf dem Gaukler) habt, k\u00f6nnt ihr hier unseren Newsletter anfordern.<\/p>\n<p>Er kommt zwar unregelm\u00e4\u00dfig, aber immer wenn es wieder was wichtiges gibt, wird es einen geben.<\/p>\n<p>Wenn ihr ihn also haben wollt, schreibt einfach eine E-Mail mit dem Betreff &#8222;ANMELDEN&#8220; an:\u00a0 <a href=\"mailto:newsletter@morami.de?subject=ANMELDEN\"><span style=\"font-size: large;\">newsletter@morami.de<\/span><\/a><\/p>\n<p>Wenn ihr folgenden Link nutz, ist alles notwendige bereits eingetragen:<br \/>\n<a href=\"mailto:newsletter@morami.de?subject=ANMELDEN\"><span style=\"font-size: large;\">Anmelden<\/span><\/a><\/p>\n<p>Ich w\u00fcrde mich freuen, euch in unserem Verteiler begr\u00fc\u00dfen zu d\u00fcrfen!<\/p>\n<p>Falls ihr euch abmelden wollt einfach als Betreff &#8222;Abmelden&#8220; eingeben oder folgenden Link nutzen:<br \/>\n<a href=\"mailto:newsletter@morami.de?subject=ABMELDEN\"><span style=\"font-size: large;\">Abmelden<\/span><\/a><\/p>\n<p>Lieben Gruz<\/p>\n<p>Ralf der Gaukler<\/p>\n<p>PS.: Ganz wichtig!!! Sendet mir auf diesem Weg bitte keine Nachrichten! Da ich die meist erst sehr sp\u00e4t entdecke!<\/p>\n<p>Nachrichten bitte an: <a href=\"mailto:ralf@dergaukler.de\">ralf(\u00e4t)dergaukler.de<\/a><\/p>\n","protected":false},"excerpt":{"rendered":"<p>Hallo Freunde! Falls ihr Interesse an den neusten Neuigkeiten von MoRaMi (oder auch von Ralf dem Gaukler) habt, k\u00f6nnt ihr hier unseren Newsletter anfordern. Er kommt zwar unregelm\u00e4\u00dfig, aber immer wenn es wieder was wichtiges gibt, wird es einen geben. Wenn ihr ihn also haben wollt, schreibt einfach eine E-Mail mit dem Betreff &#8222;ANMELDEN&#8220; an:\u00a0 [&hellip;]<\/p>\n","protected":false},"author":1,"featured_media":0,"parent":0,"menu_order":8,"comment_status":"open","ping_status":"open","template":"","meta":[],"_links":{"self":[{"href":"http:\/\/www.dergaukler.de\/wordpress\/index.php?rest_route=\/wp\/v2\/pages\/574"}],"collection":[{"href":"http:\/\/www.dergaukler.de\/wordpress\/index.php?rest_route=\/wp\/v2\/pages"}],"about":[{"href":"http:\/\/www.dergaukler.de\/wordpress\/index.php?rest_route=\/wp\/v2\/types\/page"}],"author":[{"embeddable":true,"href":"http:\/\/www.dergaukler.de\/wordpress\/index.php?rest_route=\/wp\/v2\/users\/1"}],"replies":[{"embeddable":true,"href":"http:\/\/www.dergaukler.de\/wordpress\/index.php?rest_route=%2Fwp%2Fv2%2Fcomments&post=574"}],"version-history":[{"count":11,"href":"http:\/\/www.dergaukler.de\/wordpress\/index.php?rest_route=\/wp\/v2\/pages\/574\/revisions"}],"predecessor-version":[{"id":602,"href":"http:\/\/www.dergaukler.de\/wordpress\/index.php?rest_route=\/wp\/v2\/pages\/574\/revisions\/602"}],"wp:attachment":[{"href":"http:\/\/www.dergaukler.de\/wordpress\/index.php?rest_route=%2Fwp%2Fv2%2Fmedia&parent=574"}],"curies":[{"name":"wp","href":"https:\/\/api.w.org\/{rel}","templated":true}]}}