{"id":44,"date":"2009-01-10T15:52:13","date_gmt":"2009-01-10T14:52:13","guid":{"rendered":"http:\/\/www.dergaukler.de\/wordpress\/?page_id=44"},"modified":"2010-11-20T14:06:24","modified_gmt":"2010-11-20T13:06:24","slug":"seepferdchen","status":"publish","type":"page","link":"http:\/\/www.dergaukler.de\/wordpress\/?page_id=44","title":{"rendered":"Seepferdchen"},"content":{"rendered":"<p><a class=\"shutterset\" href=\"http:\/\/www.dergaukler.de\/wordpress\/wp-content\/uploads\/2009\/01\/workshop.jpg\"><img decoding=\"async\" loading=\"lazy\" class=\"alignright size-thumbnail wp-image-41\" style=\"border: 0px;\" title=\"workshop\" src=\"http:\/\/www.dergaukler.de\/wordpress\/wp-content\/uploads\/2009\/01\/workshop-150x150.jpg\" alt=\"workshop\" width=\"150\" height=\"150\" \/><\/a><\/p>\n<h4>Das Einraddiplom<\/h4>\n<p>Im Laufe der Jahre unserer T\u00e4tigkeit als Trainer bei vielen Workshops, haben wir bez\u00fcglich unserer Einradworkshops \u00fcberlegt, in wie fern wir den Stand des K\u00f6nnens der Teilnehmer beurkunden k\u00f6nnen. Der &#8222;K\u00f6lner Spielecircus&#8220; (wir arbeiten des \u00d6fteren mit Trainern des &#8222;K\u00f6lner Spielecircus&#8220; zusammen!)\u00a0 hat bereits seit l\u00e4ngerer Zeit das Seepferdchen f\u00fcr\u00b4s Einrad eingef\u00fchrt. Da wir dieses Diplom (wie wir es nennen) f\u00fcr sehr sinnvoll halten, haben wir, auch um nicht zu viele verschiedene Wertigkeiten einzuf\u00fchren, die Vorrausetzungen \u00fcbernommen.<br \/>\nMan bekommt bei uns zum bestandenen Diplom eine Urkunde und falls erw\u00fcnscht einen Aufkleber f\u00fcr\u00b4s Einrad.<\/p>\n<p>Hier gibt es eine Liste unserer inzwischen doch recht zahlreichen <a href=\"http:\/\/www.dergaukler.de\/wordpress\/?page_id=100\">Diplomanten<\/a>!<\/p>\n<h4>Im folgenden die Bedingungen:<\/h4>\n<p><strong>Mini-Seepferdchen (kleines Einraddiplom)<\/strong><\/p>\n<ul>\n<li>Geradeaus fahren, Arme gestreckt zur Seite oder Im Stehen fahren (Po vom Sattel)<\/li>\n<li>Anhalten<\/li>\n<li>am Seil fahren<\/li>\n<li>1 Runde im Kreis, sowohl rechts als auch links<\/li>\n<li>1 mal frei Aufsteigen<\/li>\n<li>Slalom<\/li>\n<li>1x 2er Figur<\/li>\n<li>1 eigener Trick (Ball hochwerfen, durch Reifen Fahren,\u2026)<\/li>\n<\/ul>\n<p><strong>Seepferdchen (Einraddiplom)<\/strong><\/p>\n<ul>\n<li>Geradeaus fahren, Arme gestreckt zur Seite<\/li>\n<li>Im Stehen fahren (Po vom Sattel)<\/li>\n<li>Anhalten, 3 Sekunden (Pedale waagerecht)<\/li>\n<li>R\u00fcckw\u00e4rts am Seil fahren<\/li>\n<li>2 Runden im Kreis, sowohl rechts als auch links<\/li>\n<li>3 mal hintereinander Aufsteigen (freier Aufstieg, kein Fehlversuch dazwischen)<\/li>\n<li>2 von den 3 aussuchen : 3 mal Pendeln; Slalom 7 B\u00e4lle je 1,5m Abstand; Rampe (Sprungbrett)<\/li>\n<li>3 verschiedene 2er Figuren<\/li>\n<li>1 eigener Trick (Ball hochwerfen, durch Reifen Fahren,\u2026)<\/li>\n<\/ul>\n<p><strong>Seepferdchen Bronze (Einraddiplom Bronze)<\/strong><\/p>\n<ul>\n<li>Geradeaus fahren, Arme hinter dem Kopf verschr\u00e4nken<\/li>\n<li>Geradeaus fahren, Fu\u00dfgelenke festhalten (beim fahren)<\/li>\n<li>Sattel vorne heraus nehmen (Bauch auf Sattel)<\/li>\n<li>Aufstehen und 1 mal H\u00fcpfen<\/li>\n<li>R\u00fcckw\u00e4rts geradeaus fahren<\/li>\n<li>2 Kreise (ohne Ecken) rechts und links fahren<\/li>\n<li>3 verschiedene Aufstiegsvarianten (als der normale, anderer Fu\u00df, springen, Reiteraufstieg,\u2026)<\/li>\n<li>10 mal Pendeln<\/li>\n<li>5 mal Pendeln rechts und links<\/li>\n<li>Slalom 13 B\u00e4lle auf 6 m<\/li>\n<li>Wippe<\/li>\n<li>3 miteinander verbundene 3er-Figuren<\/li>\n<li>1 Trick beim Kreisfahren<\/li>\n<\/ul>\n<p><strong> Seepferdchen Silber (Einraddiplom Silber)<\/strong><\/p>\n<ul>\n<li>Geradeaus fahren auf beiden H\u00e4nden sitzend (von hinten unterm Stei\u00dfbein)<\/li>\n<li>Sattel vorne herausnehmen aufgerichtet (freier Sattel, festhalten ist o.k.)<\/li>\n<li>H\u00fcpfen 10 mal<\/li>\n<li>1-Bein fahren (auch an Gabel angelehnt)<\/li>\n<li>R\u00fcckw\u00e4rts fahren 2 Kreise \/ Seepferdchenslalom<\/li>\n<li>4 Kreise (Durchmesser 1m)<\/li>\n<li>Aufspringen \/ Kick-up<\/li>\n<li>Wheelwalk an der Hand, beide F\u00fc\u00dfe auf dem Rad (2 Kinder gegenseitig an der Hand)<\/li>\n<li>1-Beinpendeln 10 mal<\/li>\n<li>Ball aufheben<\/li>\n<li>Pendeln und Trick( z. B Geigen, Vorlesen, Ringe drehen&#8230;..)<\/li>\n<li>Slalom 13 B\u00e4lle auf 4 m<\/li>\n<li>Solok\u00fcr mit 8 Tricks ( Aufstieg, Kreis, Acht, r\u00fcckw\u00e4rts, Pendeln)<\/li>\n<li>1 Trick eigene Spezialkreation<\/li>\n<\/ul>\n<p><strong>Seepferdchen Gold (Einraddiplom Gold)<\/strong><\/p>\n<ul>\n<li> Geradeaus fahren Pedalen unter den F\u00fc\u00dfen festhalten<\/li>\n<li>Sattel hinten auf der Erde nachziehen oder seitlich herausnehmen<\/li>\n<li>Treppe h\u00fcpfen oder Seil h\u00fcpfen\u00a0oder Hindernis h\u00fcpfen<\/li>\n<li>R\u00fcckw\u00e4rts auf Bauch liegend fahren oder R\u00fcckw\u00e4rts fahren am Fu\u00dfgelenk festhalten\u00a0oder vorw\u00e4rts Treppe runter fahren<\/li>\n<li>4 Kreise r\u00fcckw\u00e4rts (Durchmesser &lt;1m) oder 4 Kreise in kleinem Reifen ohne ber\u00fchren oder Pirouette in beide Richtungen<\/li>\n<li>2 von 4 Aufstiegen aussuchen: freier Hochradaufstieg;<\/li>\n<li>Bein einmal um Sattel ohne ber\u00fchren; Pick up (nach vorne B\u00fccken, Sattel aufheben);<\/li>\n<li>Kick up mit Balancieren (vorher auf Rad stehen)<\/li>\n<li>10 x Pendeln Sattel zur Seite (1 Fu\u00df Pedal, 1 Fu\u00df Nabe oder Bein von vorne rumwurschteln) oder 1 Bein auflegen (Fu\u00df auf pendelndes Knie (Barhockersitz)) 10x rechts und 10 x links<\/li>\n<li>Bronzeslalom einbeinig oder Bronzeslalom Wheelwalk<\/li>\n<li>Trampolin springen<\/li>\n<li>5 x 2er Tricks, erst vorw\u00e4rts, dann r\u00fcckw\u00e4rts Synchronk\u00fcr<\/li>\n<li>1beinig Pendeln + Trick oder auf Treppenstufe pendeln + Trick<\/li>\n<li>1beinig r\u00fcckw\u00e4rts fahren oder falsches Bein 8 oder falsches Bein Slalom<\/li>\n<li>1beinig Wheelwalk oder Wheelwalk r\u00fcckw\u00e4rts<\/li>\n<li>15 x auf Reifen h\u00fcpfen (quer auf Reifen stehen) mit aufspringen oder 20 x ohne aufspringen oder Schuhe und Hose ausziehen<\/li>\n<li>Gliding<\/li>\n<\/ul>\n","protected":false},"excerpt":{"rendered":"<p>Das Einraddiplom Im Laufe der Jahre unserer T\u00e4tigkeit als Trainer bei vielen Workshops, haben wir bez\u00fcglich unserer Einradworkshops \u00fcberlegt, in wie fern wir den Stand des K\u00f6nnens der Teilnehmer beurkunden k\u00f6nnen. Der &#8222;K\u00f6lner Spielecircus&#8220; (wir arbeiten des \u00d6fteren mit Trainern des &#8222;K\u00f6lner Spielecircus&#8220; zusammen!)\u00a0 hat bereits seit l\u00e4ngerer Zeit das Seepferdchen f\u00fcr\u00b4s Einrad eingef\u00fchrt. Da [&hellip;]<\/p>\n","protected":false},"author":1,"featured_media":0,"parent":28,"menu_order":1,"comment_status":"closed","ping_status":"closed","template":"","meta":[],"_links":{"self":[{"href":"http:\/\/www.dergaukler.de\/wordpress\/index.php?rest_route=\/wp\/v2\/pages\/44"}],"collection":[{"href":"http:\/\/www.dergaukler.de\/wordpress\/index.php?rest_route=\/wp\/v2\/pages"}],"about":[{"href":"http:\/\/www.dergaukler.de\/wordpress\/index.php?rest_route=\/wp\/v2\/types\/page"}],"author":[{"embeddable":true,"href":"http:\/\/www.dergaukler.de\/wordpress\/index.php?rest_route=\/wp\/v2\/users\/1"}],"replies":[{"embeddable":true,"href":"http:\/\/www.dergaukler.de\/wordpress\/index.php?rest_route=%2Fwp%2Fv2%2Fcomments&post=44"}],"version-history":[{"count":15,"href":"http:\/\/www.dergaukler.de\/wordpress\/index.php?rest_route=\/wp\/v2\/pages\/44\/revisions"}],"predecessor-version":[{"id":46,"href":"http:\/\/www.dergaukler.de\/wordpress\/index.php?rest_route=\/wp\/v2\/pages\/44\/revisions\/46"}],"up":[{"embeddable":true,"href":"http:\/\/www.dergaukler.de\/wordpress\/index.php?rest_route=\/wp\/v2\/pages\/28"}],"wp:attachment":[{"href":"http:\/\/www.dergaukler.de\/wordpress\/index.php?rest_route=%2Fwp%2Fv2%2Fmedia&parent=44"}],"curies":[{"name":"wp","href":"https:\/\/api.w.org\/{rel}","templated":true}]}}