{"id":30,"date":"2009-01-10T15:20:31","date_gmt":"2009-01-10T14:20:31","guid":{"rendered":"http:\/\/www.dergaukler.de\/wordpress\/?page_id=30"},"modified":"2009-03-13T21:36:21","modified_gmt":"2009-03-13T20:36:21","slug":"morami","status":"publish","type":"page","link":"http:\/\/www.dergaukler.de\/wordpress\/?page_id=30","title":{"rendered":"&#8211;MoRaMi&#8211;"},"content":{"rendered":"<p>MoRaMi , das sind<\/p>\n<p><span style=\"color: #ff0000;\"><strong>Mo<\/strong> <\/span>de Bleu, <span style=\"color: #ff0000;\"><strong>Ra<\/strong><\/span>lf der Gaukler und <strong><span style=\"color: #ff0000;\">Mi<\/span><\/strong>mo<\/p>\n<dl id=\"attachment_31\" class=\"wp-caption alignright\" style=\"width: 221px;\">\n<dt class=\"wp-caption-dt\"><a href=\"http:\/\/www.dergaukler.de\/wordpress\/wp-content\/uploads\/2009\/01\/morami.jpg\"><img decoding=\"async\" loading=\"lazy\" class=\"size-full wp-image-31 alignright\" src=\"http:\/\/www.dergaukler.de\/wordpress\/wp-content\/uploads\/2009\/01\/morami.jpg\" alt=\"MoRaMi\" width=\"211\" height=\"147\" srcset=\"http:\/\/www.dergaukler.de\/wordpress\/wp-content\/uploads\/2009\/01\/morami.jpg 400w, http:\/\/www.dergaukler.de\/wordpress\/wp-content\/uploads\/2009\/01\/morami-300x207.jpg 300w\" sizes=\"(max-width: 211px) 100vw, 211px\" \/><\/a><\/dt>\n<\/dl>\n<p>drei Temperamente wie sie unterschiedlicher nicht sein k\u00f6nnen, verschmelzen doch auf der B\u00fchne zu einem Ganzen.<br \/>\nOb im Duo, Trio oder solo, auf dem Rola-Bola oder auf den Schultern des Partners &#8211; die Drei jonglieren, was das Zeug h\u00e4lt! Keulen, Ringe und B\u00e4lle schwirren in immer neuen bunten Mustern durch die L\u00fcfte. In rasanter Geschwindigkeit rotieren leuchtende T\u00fccher im Schwarzlicht, und Fackeln malen feurige Bilder in die Dunkelheit. Aufs Feinste musikalisch abgestimmt, sind die Nummern nicht nur Augen-, sondern auch Ohrenschmaus.<\/p>\n<p>Und nat\u00fcrlich hat jeder seine &#8222;special number&#8220;: Mo ist der Meister am Diabolo, Ralf der Mann mit den Flammen &#8230; und Mimo? Der zeigt als &#8222;K\u00fcchenchef&#8220;, was er unter einer &#8222;hei\u00dfen&#8220; Jonglage versteht&#8230;! Temporeich, voller Spielfreude und unaufh\u00f6rlich der Schwerkraft trotzend pr\u00e4sentiert das Trio sein Potpourri aus Jonglage und Artistik, gew\u00fcrzt mit einem Spritzer Clownerie.<br \/>\n<em>Kontakt:<\/em><br \/>\nRalf Derichs, Bottenbacherstr.57, 57223Kreuztal<br \/>\nTel.:02732\/791671 Fax:02732\/791672<br \/>\nE-Mail: <a href=\"mailto:ralf@dergaukler.de\">ralf@dergaukler.de<\/a><\/p>\n","protected":false},"excerpt":{"rendered":"<p>MoRaMi , das sind Mo de Bleu, Ralf der Gaukler und Mimo drei Temperamente wie sie unterschiedlicher nicht sein k\u00f6nnen, verschmelzen doch auf der B\u00fchne zu einem Ganzen. Ob im Duo, Trio oder solo, auf dem Rola-Bola oder auf den Schultern des Partners &#8211; die Drei jonglieren, was das Zeug h\u00e4lt! Keulen, Ringe und B\u00e4lle [&hellip;]<\/p>\n","protected":false},"author":1,"featured_media":0,"parent":0,"menu_order":1,"comment_status":"open","ping_status":"open","template":"","meta":[],"_links":{"self":[{"href":"http:\/\/www.dergaukler.de\/wordpress\/index.php?rest_route=\/wp\/v2\/pages\/30"}],"collection":[{"href":"http:\/\/www.dergaukler.de\/wordpress\/index.php?rest_route=\/wp\/v2\/pages"}],"about":[{"href":"http:\/\/www.dergaukler.de\/wordpress\/index.php?rest_route=\/wp\/v2\/types\/page"}],"author":[{"embeddable":true,"href":"http:\/\/www.dergaukler.de\/wordpress\/index.php?rest_route=\/wp\/v2\/users\/1"}],"replies":[{"embeddable":true,"href":"http:\/\/www.dergaukler.de\/wordpress\/index.php?rest_route=%2Fwp%2Fv2%2Fcomments&post=30"}],"version-history":[{"count":17,"href":"http:\/\/www.dergaukler.de\/wordpress\/index.php?rest_route=\/wp\/v2\/pages\/30\/revisions"}],"predecessor-version":[{"id":34,"href":"http:\/\/www.dergaukler.de\/wordpress\/index.php?rest_route=\/wp\/v2\/pages\/30\/revisions\/34"}],"wp:attachment":[{"href":"http:\/\/www.dergaukler.de\/wordpress\/index.php?rest_route=%2Fwp%2Fv2%2Fmedia&parent=30"}],"curies":[{"name":"wp","href":"https:\/\/api.w.org\/{rel}","templated":true}]}}