{"id":21,"date":"2009-01-10T15:05:25","date_gmt":"2009-01-10T14:05:25","guid":{"rendered":"http:\/\/www.dergaukler.de\/wordpress\/?page_id=21"},"modified":"2009-03-13T21:39:08","modified_gmt":"2009-03-13T20:39:08","slug":"impressum","status":"publish","type":"page","link":"http:\/\/www.dergaukler.de\/wordpress\/?page_id=21","title":{"rendered":"-Impressum-"},"content":{"rendered":"<h4 style=\"text-align: center;\">Ralf Derichs<br \/>\nBottenbacher Str. 57<br \/>\n57223 Kreuztal<\/h4>\n<h3 style=\"text-align: center;\">Tel.: 02732 791671<br \/>\nFax: 02732 791672<\/h3>\n<h3 style=\"text-align: center;\">e-mail: ralf(\u00e4t)dergaukler.de<\/h3>\n<p>Haftungshinweis: Trotz sorgf\u00e4ltiger inhaltlicher Kontrolle \u00fcbernehmen wir keine Haftung f\u00fcr die Inhalte externer Links. F\u00fcr Inhalte der verlinkten Seiten sind ausschlie\u00dflich deren Betreiber verantwortlich.<\/p>\n<p>Urheberrecht: Der Inhalt dieser Website, insbesondere alle Texte, Bilder, Grafiken, Logos. Audio- und Animationsdateien sowie deren Gestaltung, unterliegen dem Urheberrecht und anderen Gesetzen zum Schutz geistigen Eigentums. Die auf dieser Website bereitgestellten Texte, Bilder, Grafiken, Logos etc. d\u00fcrfen weder verwendet noch f\u00fcr Handelszwecke kopiert und auf anderen Websites verwendet werden.<\/p>\n","protected":false},"excerpt":{"rendered":"<p>Ralf Derichs Bottenbacher Str. 57 57223 Kreuztal Tel.: 02732 791671 Fax: 02732 791672 e-mail: ralf(\u00e4t)dergaukler.de Haftungshinweis: Trotz sorgf\u00e4ltiger inhaltlicher Kontrolle \u00fcbernehmen wir keine Haftung f\u00fcr die Inhalte externer Links. F\u00fcr Inhalte der verlinkten Seiten sind ausschlie\u00dflich deren Betreiber verantwortlich. Urheberrecht: Der Inhalt dieser Website, insbesondere alle Texte, Bilder, Grafiken, Logos. Audio- und Animationsdateien sowie deren [&hellip;]<\/p>\n","protected":false},"author":1,"featured_media":0,"parent":0,"menu_order":9,"comment_status":"closed","ping_status":"closed","template":"","meta":[],"_links":{"self":[{"href":"http:\/\/www.dergaukler.de\/wordpress\/index.php?rest_route=\/wp\/v2\/pages\/21"}],"collection":[{"href":"http:\/\/www.dergaukler.de\/wordpress\/index.php?rest_route=\/wp\/v2\/pages"}],"about":[{"href":"http:\/\/www.dergaukler.de\/wordpress\/index.php?rest_route=\/wp\/v2\/types\/page"}],"author":[{"embeddable":true,"href":"http:\/\/www.dergaukler.de\/wordpress\/index.php?rest_route=\/wp\/v2\/users\/1"}],"replies":[{"embeddable":true,"href":"http:\/\/www.dergaukler.de\/wordpress\/index.php?rest_route=%2Fwp%2Fv2%2Fcomments&post=21"}],"version-history":[{"count":17,"href":"http:\/\/www.dergaukler.de\/wordpress\/index.php?rest_route=\/wp\/v2\/pages\/21\/revisions"}],"predecessor-version":[{"id":601,"href":"http:\/\/www.dergaukler.de\/wordpress\/index.php?rest_route=\/wp\/v2\/pages\/21\/revisions\/601"}],"wp:attachment":[{"href":"http:\/\/www.dergaukler.de\/wordpress\/index.php?rest_route=%2Fwp%2Fv2%2Fmedia&parent=21"}],"curies":[{"name":"wp","href":"https:\/\/api.w.org\/{rel}","templated":true}]}}