{"id":2,"date":"2009-01-10T13:04:11","date_gmt":"2009-01-10T12:04:11","guid":{"rendered":"http:\/\/www.dergaukler.de\/wordpress\/?page_id=2"},"modified":"2009-01-30T01:16:45","modified_gmt":"2009-01-30T00:16:45","slug":"ueber-mich","status":"publish","type":"page","link":"http:\/\/www.dergaukler.de\/wordpress\/?page_id=2","title":{"rendered":"Wer ist das?"},"content":{"rendered":"<div id=\"attachment_6\" style=\"width: 200px\" class=\"wp-caption alignright\"><a class=\"shutterset\" href=\"http:\/\/www.dergaukler.de\/wordpress\/wp-content\/uploads\/2009\/01\/rdgsw.jpg\"><img aria-describedby=\"caption-attachment-6\" decoding=\"async\" loading=\"lazy\" class=\"size-full wp-image-6\" title=\"Ralf der Gaukler\" src=\"http:\/\/www.dergaukler.de\/wordpress\/wp-content\/uploads\/2009\/01\/rdgsw.jpg\" alt=\"Ralf der Gaukler\" width=\"190\" height=\"255\" \/><\/a><p id=\"caption-attachment-6\" class=\"wp-caption-text\">na das ist ja wohl auch schon etwas \u00e4lter? 1996!<\/p><\/div>\n<p><strong><em>Wer ist das eigentlich?<br \/>\n<\/em><\/strong>Ralf der Gaukler hei\u00dft ausserhalb der Zirkusse, B\u00fchnen und\u00a0Workshops Ralf Derichs, ist Jahrgang 1960 (also ein alter Sack! :-))<br \/>\n<strong><em><br \/>\nWas macht der so?<br \/>\n<\/em><\/strong>Verkauf von Jongliermaterial, Workshops, Auftritte als Animateur, Jongleur, Feuerspucker\u00a0und\u00a0Technik-Jobs<br \/>\n<strong><em><br \/>\nHat der auch was &#8222;richtiges&#8220; gelernt?<\/em><\/strong><br \/>\nAusbildung Radio- und Fernsehtechniker (lang, lang ist\u00b4s her), Studium der Sozialarbeit (lang, lang hat er\u00b4s gemacht), Mitarbeiter der soz. p\u00e4d. Gruppenarbeit (ist er immer noch) und jahrelanger Leiter von Freizeiten des Kreises Siegen\/Wittgenstein (viel Liebe und Energie ist dort geblieben), Mitbegr\u00fcnder des L\u00ffz Kids Variet\u00e9s (viel Liebe und Energie steckt drin), seit Beginn K\u00fcnstler des L\u00ffz Mix Variet\u00e9s (viel Liebe und Energie flie\u00dft rein), Teil des Artistik-Trios MoRaMi (das Ein und Fastalles) Tanja, Tom &amp; Lucy (das wirklich alles!) Das Gaukelspektakel (ich brauch Dich und freu mich auf Dich!) Circus Tausendtraum (das kostet momentan echt Energie)<\/p>\n<p><strong><em>So, jetzt wisst ihr&#8217;s (fast)!<\/em><\/strong><\/p>\n","protected":false},"excerpt":{"rendered":"<p>Wer ist das eigentlich? Ralf der Gaukler hei\u00dft ausserhalb der Zirkusse, B\u00fchnen und\u00a0Workshops Ralf Derichs, ist Jahrgang 1960 (also ein alter Sack! :-)) Was macht der so? Verkauf von Jongliermaterial, Workshops, Auftritte als Animateur, Jongleur, Feuerspucker\u00a0und\u00a0Technik-Jobs Hat der auch was &#8222;richtiges&#8220; gelernt? Ausbildung Radio- und Fernsehtechniker (lang, lang ist\u00b4s her), Studium der Sozialarbeit (lang, lang [&hellip;]<\/p>\n","protected":false},"author":1,"featured_media":0,"parent":190,"menu_order":0,"comment_status":"open","ping_status":"open","template":"","meta":[],"_links":{"self":[{"href":"http:\/\/www.dergaukler.de\/wordpress\/index.php?rest_route=\/wp\/v2\/pages\/2"}],"collection":[{"href":"http:\/\/www.dergaukler.de\/wordpress\/index.php?rest_route=\/wp\/v2\/pages"}],"about":[{"href":"http:\/\/www.dergaukler.de\/wordpress\/index.php?rest_route=\/wp\/v2\/types\/page"}],"author":[{"embeddable":true,"href":"http:\/\/www.dergaukler.de\/wordpress\/index.php?rest_route=\/wp\/v2\/users\/1"}],"replies":[{"embeddable":true,"href":"http:\/\/www.dergaukler.de\/wordpress\/index.php?rest_route=%2Fwp%2Fv2%2Fcomments&post=2"}],"version-history":[{"count":20,"href":"http:\/\/www.dergaukler.de\/wordpress\/index.php?rest_route=\/wp\/v2\/pages\/2\/revisions"}],"predecessor-version":[{"id":4,"href":"http:\/\/www.dergaukler.de\/wordpress\/index.php?rest_route=\/wp\/v2\/pages\/2\/revisions\/4"}],"up":[{"embeddable":true,"href":"http:\/\/www.dergaukler.de\/wordpress\/index.php?rest_route=\/wp\/v2\/pages\/190"}],"wp:attachment":[{"href":"http:\/\/www.dergaukler.de\/wordpress\/index.php?rest_route=%2Fwp%2Fv2%2Fmedia&parent=2"}],"curies":[{"name":"wp","href":"https:\/\/api.w.org\/{rel}","templated":true}]}}