{"id":137,"date":"2009-01-27T18:50:16","date_gmt":"2009-01-27T17:50:16","guid":{"rendered":"http:\/\/www.dergaukler.de\/wordpress\/?page_id=137"},"modified":"2009-01-27T20:36:18","modified_gmt":"2009-01-27T19:36:18","slug":"mimo","status":"publish","type":"page","link":"http:\/\/www.dergaukler.de\/wordpress\/?page_id=137","title":{"rendered":"Mimo"},"content":{"rendered":"<p><a href=\"http:\/\/www.dergaukler.de\/wordpress\/wp-content\/uploads\/2009\/01\/mimo06.jpg\"><img decoding=\"async\" loading=\"lazy\" class=\"alignright size-full wp-image-130\" title=\"mimo06\" src=\"http:\/\/www.dergaukler.de\/wordpress\/wp-content\/uploads\/2009\/01\/mimo06.jpg\" alt=\"mimo06\" width=\"205\" height=\"154\" \/><\/a>Trapezartistik (und noch ein bi\u00dfchen mehr &#8230;)<br \/>\nMimo ist in erster Linie Mitglied des Jonglier- und Artistiktrios MoRaMi und des Lyz-Kids-, sowie des Lyz-Mix-Variete.<br \/>\nKleinere Solo-Auftritte macht er nur gelegentlich auf Anfrage.<br \/>\nSein gr\u00f6\u00dftes &#8222;Solo-Interesse&#8220; im artistischen Bereich &#8211; neben der Weiterentwicklung von MoRaMi &#8211; gilt der Zusammenarbeit mit den Musikern Karl Parchow (percussion \/&#8220;UDU-DRUM&#8220; !! ) und Fritz Klappert (Bass).<br \/>\nZusammen haben die drei eine Trapeztanz-Nummer am &#8222;stehenden&#8220; und &#8222;schwingenden&#8220; Trapez entwickelt.<a href=\"http:\/\/www.dergaukler.de\/wordpress\/wp-content\/uploads\/2009\/01\/mimo01.jpg\"><img decoding=\"async\" loading=\"lazy\" class=\"size-full wp-image-131 alignright\" title=\"mimo01\" src=\"http:\/\/www.dergaukler.de\/wordpress\/wp-content\/uploads\/2009\/01\/mimo01.jpg\" alt=\"mimo01\" width=\"186\" height=\"150\" \/><\/a><br \/>\nVon passender Live-Musik begleitet, zeigt Mimo sein ganz pers\u00f6nliches ca. 5 &#8211; 7 min\u00fctiges &#8222;Aufwachen&#8220;, in dem er sowohl ruhig und entspannt die Vogelperspektive genie\u00dft, als auch recht dynamisch und kraftvoll die Zuschauer mit immer neuen Bildern \u00fcberrascht und ihnen schwingend und witzig zum Teil recht nahe kommt.<br \/>\nEine wohlige Einheit aus sch\u00f6ner, besonderer Musik und artistischem Tanz in einer etwas anderen Ebene.<br \/>\nWunderbar geeignet z. B. als Intro f\u00fcr eine Show und auf Anfrage durchaus auch ausbauf\u00e4hig in so mancherlei Richtung.<\/p>\n","protected":false},"excerpt":{"rendered":"<p>Trapezartistik (und noch ein bi\u00dfchen mehr &#8230;) Mimo ist in erster Linie Mitglied des Jonglier- und Artistiktrios MoRaMi und des Lyz-Kids-, sowie des Lyz-Mix-Variete. Kleinere Solo-Auftritte macht er nur gelegentlich auf Anfrage. Sein gr\u00f6\u00dftes &#8222;Solo-Interesse&#8220; im artistischen Bereich &#8211; neben der Weiterentwicklung von MoRaMi &#8211; gilt der Zusammenarbeit mit den Musikern Karl Parchow (percussion \/&#8220;UDU-DRUM&#8220; [&hellip;]<\/p>\n","protected":false},"author":1,"featured_media":0,"parent":30,"menu_order":3,"comment_status":"open","ping_status":"open","template":"","meta":[],"_links":{"self":[{"href":"http:\/\/www.dergaukler.de\/wordpress\/index.php?rest_route=\/wp\/v2\/pages\/137"}],"collection":[{"href":"http:\/\/www.dergaukler.de\/wordpress\/index.php?rest_route=\/wp\/v2\/pages"}],"about":[{"href":"http:\/\/www.dergaukler.de\/wordpress\/index.php?rest_route=\/wp\/v2\/types\/page"}],"author":[{"embeddable":true,"href":"http:\/\/www.dergaukler.de\/wordpress\/index.php?rest_route=\/wp\/v2\/users\/1"}],"replies":[{"embeddable":true,"href":"http:\/\/www.dergaukler.de\/wordpress\/index.php?rest_route=%2Fwp%2Fv2%2Fcomments&post=137"}],"version-history":[{"count":9,"href":"http:\/\/www.dergaukler.de\/wordpress\/index.php?rest_route=\/wp\/v2\/pages\/137\/revisions"}],"predecessor-version":[{"id":140,"href":"http:\/\/www.dergaukler.de\/wordpress\/index.php?rest_route=\/wp\/v2\/pages\/137\/revisions\/140"}],"up":[{"embeddable":true,"href":"http:\/\/www.dergaukler.de\/wordpress\/index.php?rest_route=\/wp\/v2\/pages\/30"}],"wp:attachment":[{"href":"http:\/\/www.dergaukler.de\/wordpress\/index.php?rest_route=%2Fwp%2Fv2%2Fmedia&parent=137"}],"curies":[{"name":"wp","href":"https:\/\/api.w.org\/{rel}","templated":true}]}}