{"id":123,"date":"2009-01-27T17:12:26","date_gmt":"2009-01-27T16:12:26","guid":{"rendered":"http:\/\/www.dergaukler.de\/wordpress\/?page_id=123"},"modified":"2009-01-28T08:37:04","modified_gmt":"2009-01-28T07:37:04","slug":"mo-de-bleu","status":"publish","type":"page","link":"http:\/\/www.dergaukler.de\/wordpress\/?page_id=123","title":{"rendered":"Mo&nbsp;de&nbsp;Bleu"},"content":{"rendered":"<p>Seine durchkomponierten Choreographien, in denen er mit seinen \u201cWerkzeugen\u201c zu <a href=\"http:\/\/www.dergaukler.de\/wordpress\/wp-content\/uploads\/2009\/01\/mo_ball01.jpg\"><img decoding=\"async\" loading=\"lazy\" class=\"alignright size-full wp-image-124\" title=\"mo_ball01\" src=\"http:\/\/www.dergaukler.de\/wordpress\/wp-content\/uploads\/2009\/01\/mo_ball01.jpg\" alt=\"mo_ball01\" width=\"217\" height=\"432\" srcset=\"http:\/\/www.dergaukler.de\/wordpress\/wp-content\/uploads\/2009\/01\/mo_ball01.jpg 217w, http:\/\/www.dergaukler.de\/wordpress\/wp-content\/uploads\/2009\/01\/mo_ball01-150x300.jpg 150w\" sizes=\"(max-width: 217px) 100vw, 217px\" \/><\/a>verschmelzen scheint, pr\u00e4sentiert er mal dramatisch ernst, mal fr\u00f6hlich-clownesk. Charmant und immer nah am Publikum sp\u00fcrt man die Leidenschaft, die den Funken \u00fcbersprin gen l\u00e4\u00dft. Untermalt werden seine circensischen Darbietungen mit einem ausgesuchten Musikrepertoire von Klassisch bis Modern.<\/p>\n<p>Da fliegen Keulen und B\u00e4lle virtuos durch die Luft, da tanzt der Devilstick, und leuchtende Ringe und T\u00fccher bewegen sich geisterhaft und atemberaubend im Schwarzlicht.<\/p>\n<p>Kraftvoll und majest\u00e4tisch schwingt er die Fackeln zur Carmina Burana.<br \/>\nMozarts Kleine Nachtmusik zeigt sich als idealer Begleiter von Mo\u00b4s F\u00fcnf-Ball-Variation. Meisterhaft beherrscht er das Spiel mit den Diabolos.<\/p>\n<table border=\"0\" cellspacing=\"3\" width=\"100%\">\n<tbody>\n<tr>\n<td width=\"7%\" align=\"right\" valign=\"top\"><span style=\"color: #ff6600; font-size: large;\">*<\/span><\/td>\n<td width=\"93%\">20 bis 40-min. Auftritte f\u00fcr Galas, Variet\u00e9- und Kleinkunstveranstaltungen,Privatfeiern , Firmenevents und Jubil\u00e4en&#8230;<\/span><\/strong><\/td>\n<\/tr>\n<tr>\n<td width=\"7%\" align=\"right\" valign=\"top\"><span style=\"color: #ff6600; font-size: large;\">*<\/span><\/td>\n<td width=\"93%\">Mehrere Sets \u00fcber den Tag verteilt z.B. f\u00fcr Stadtfeste, Kulturfestivals oder auch als Blickfang an Ihrem Messestand. <\/td>\n<\/tr>\n<tr>\n<td width=\"7%\" align=\"right\" valign=\"top\"><span style=\"color: #ff6600; font-size: large;\">*<\/span><\/td>\n<td width=\"93%\">Einzeln buchbare Darbietungen<\/td>\n<\/tr>\n<tr>\n<td width=\"7%\" align=\"right\" valign=\"top\">\u00a0<\/td>\n<td width=\"93%\">Auf Wunsch individuell auf Ihre Veranstaltung abgestimmt<\/td>\n<\/tr>\n<tr>\n<td width=\"7%\" align=\"right\" valign=\"top\">\u00a0<\/td>\n<td width=\"93%\">\u00a0<\/td>\n<\/tr>\n<tr>\n<td width=\"7%\" align=\"right\" valign=\"top\"><span style=\"color: #ff6600; font-size: large;\">*<\/span><\/td>\n<td width=\"93%\">Diabolo- und Jonglage-Workshops f\u00fcr Kinder und Erwachsene<br \/>\n(bei Schulprojekten, Kultur\u00e4mtern&#8230;<br \/>\nund wo es noch gew\u00fcnscht wird)<\/td>\n<\/tr>\n<\/tbody>\n<\/table>\n","protected":false},"excerpt":{"rendered":"<p>Seine durchkomponierten Choreographien, in denen er mit seinen \u201cWerkzeugen\u201c zu verschmelzen scheint, pr\u00e4sentiert er mal dramatisch ernst, mal fr\u00f6hlich-clownesk. Charmant und immer nah am Publikum sp\u00fcrt man die Leidenschaft, die den Funken \u00fcbersprin gen l\u00e4\u00dft. Untermalt werden seine circensischen Darbietungen mit einem ausgesuchten Musikrepertoire von Klassisch bis Modern. Da fliegen Keulen und B\u00e4lle virtuos durch [&hellip;]<\/p>\n","protected":false},"author":1,"featured_media":0,"parent":30,"menu_order":1,"comment_status":"open","ping_status":"open","template":"","meta":[],"_links":{"self":[{"href":"http:\/\/www.dergaukler.de\/wordpress\/index.php?rest_route=\/wp\/v2\/pages\/123"}],"collection":[{"href":"http:\/\/www.dergaukler.de\/wordpress\/index.php?rest_route=\/wp\/v2\/pages"}],"about":[{"href":"http:\/\/www.dergaukler.de\/wordpress\/index.php?rest_route=\/wp\/v2\/types\/page"}],"author":[{"embeddable":true,"href":"http:\/\/www.dergaukler.de\/wordpress\/index.php?rest_route=\/wp\/v2\/users\/1"}],"replies":[{"embeddable":true,"href":"http:\/\/www.dergaukler.de\/wordpress\/index.php?rest_route=%2Fwp%2Fv2%2Fcomments&post=123"}],"version-history":[{"count":7,"href":"http:\/\/www.dergaukler.de\/wordpress\/index.php?rest_route=\/wp\/v2\/pages\/123\/revisions"}],"predecessor-version":[{"id":128,"href":"http:\/\/www.dergaukler.de\/wordpress\/index.php?rest_route=\/wp\/v2\/pages\/123\/revisions\/128"}],"up":[{"embeddable":true,"href":"http:\/\/www.dergaukler.de\/wordpress\/index.php?rest_route=\/wp\/v2\/pages\/30"}],"wp:attachment":[{"href":"http:\/\/www.dergaukler.de\/wordpress\/index.php?rest_route=%2Fwp%2Fv2%2Fmedia&parent=123"}],"curies":[{"name":"wp","href":"https:\/\/api.w.org\/{rel}","templated":true}]}}