{"id":100,"date":"2009-01-23T21:24:56","date_gmt":"2009-01-23T20:24:56","guid":{"rendered":"http:\/\/www.dergaukler.de\/wordpress\/?page_id=100"},"modified":"2010-11-20T11:50:08","modified_gmt":"2010-11-20T10:50:08","slug":"diplomanten","status":"publish","type":"page","link":"http:\/\/www.dergaukler.de\/wordpress\/?page_id=100","title":{"rendered":"Diplomanten"},"content":{"rendered":"<h3>Stolze Inhaber des Einraddiploms unserer Kurse!<\/h3>\n<h3><span style=\"text-decoration: underline;\">Mini-Seepferdchen (kleines Einraddiplom):<\/span><\/h3>\n<p>05.02.06 Steven Hillnh\u00fctter, Anna Muczinski, Nele M\u00fcnker, Ina Fehling, Maja Birkner<br \/>\n12.02.06 Annabelle Kostian, Sandra D\u00f6mer, Lisa D\u00f6mer, Lea M\u00fcnker,<br \/>\n19.02.06 Johanna Meiners, Tami Seidel, Elena Warmknecht, Kevin Hillnh\u00fctter, Kirsa B\u00e4tzel<br \/>\n22.11.06 Lucy Vollmer, Sven Wessels, Melissa Schmidt<br \/>\n26.11.06 Louisa M\u00fcnker, Stina Neugebauer<br \/>\n14.01.07 Lea Feltkamp, Lene Wagener, Julia Mersmann, Sarah Mersmann, Theresa Marburger, Nicole Langenbach<br \/>\n28.01.07 Anne Henrich, Juliana Horchler, Lara Breit, Imke Marie Greis, Betty Theis<br \/>\n31.01.07 Lisa Kathleen Matten, Lukas Weber, Melina Vorderstemann, Antonia von Plettenberg<br \/>\n04.02.07 Jana Tabea Jung, Julian Wodrazka<br \/>\n11.02.07 Alicia Neff, Fabiana Tosti, Kristina Schmidt, Isabella Tosti, Sarah Weber<br \/>\n14.02.07 Valerie Kockott, Eric Timmermann<br \/>\n25.02.07 Luisa Weber, Julia Hutters<br \/>\n28.02.07 Sophia Oerter<br \/>\n04.03.07 Christina Laurenawitz, Jule Feltkamp, Rebecca Rosm\u00fcller, Alicia K\u00f6lsch, Laura Schmelzer, Fabienne Klappert, Pia Appel<br \/>\n11.03.07 Julia M\u00fcller<br \/>\n12.07.07 Lea Werthenbach, Melina L\u00fccking, Lisa Melina Moritz, Sarah Leonie Schipper, Anne Rieke Moritz<br \/>\n29.08.07 Laura Batziakas, Sarah Klappert, Lara Stracke<br \/>\n12.09.07 Neele Kemper, Geeske Kemper<br \/>\n04.11.07 Karla Delschen<br \/>\n05.12.07 Elise Sch\u00f6ler, Lena Bothur, Chiara Br\u00fccher, Jasmin Knist, Larena Schneider<br \/>\n23.01.08 Antonia Vitt<br \/>\n09.02.08 Jana Thomas, Manja Sahm, Alina Wiegand, Kira Klein, Lea Urban, Anja Juffa, Christina Hitsch, Lina Sophi Sch\u00e4fer<br \/>\n10.02.08 Muriel Hellman, Sarah Binsack<br \/>\n23.02.08 Pia Rautenberg, Johanna Sch\u00f6llchen, Eileen Krumm, Teresa Sterzinger, Valerie Burbach, Lili R\u00fcggemeier, Kristin Becker, Vanessa Fohmann, Louisa Frank, Marie Belke<br \/>\n24.02.08 Silvia Kurth, Merle N\u00f6ll, Elena Biermann<br \/>\n26.02.08 Lisa Middeldorf, Lara Krug, Fabian Otto, Franziska Hansen, Anna -Luisa Dotzert, Ulla Braner, Hannah Bauer<br \/>\n27.02.08 Katja G\u00fcnther, Laura Kirschstein<br \/>\n28.02.08 Sophia Pape, Vanessa Fuchs<br \/>\n16.03.08 Aileen Wilks<br \/>\n23.04.08 Sarah Fasel, Antonia Nies, Nele Otto, Janina Fasel, Lena Poppe<br \/>\n19.05.08 Annika Heinelt, Ann-Kristin Schwarz, Ronja Lawo, Laura Perugorria<br \/>\n09.06.08 Fabienne Graf, Luisa Simons<br \/>\n17.07.08 Elena Seiffert, Marie Douilliez, Carolin Hadem, Lisa Gerbershagen, Celina Marie Kinlechner<br \/>\n09.11.08 Hannah Bender<br \/>\n30.11.08 Wiebke Groos<br \/>\n24.0109 Jessica Braun, Loreen Bartmann, Anika Krause, Julia K\u00f6lsch, Aaron Nieder, Patricia Mockenhaupt, Laura Strack, Anna-Lena Sch\u00e4fer<br \/>\n21.02.09 Cosima Maly, Valerie Burbach, Paula R\u00fcbsamen, Laura Christin Schneider, Leoni Spies<br \/>\n28.02.09 Laura Pia Kolb, Antonia K\u00f6lsch, Hannah Feltkamp,\u00a0 Melissa Ebener, Amelie Schneider, Hannah Kowol<br \/>\n14.11.09 Chiara Schmidt<br \/>\n15.11.09 Theresa M\u00fcller, Angela Ambrosini<\/p>\n<h3><span style=\"text-decoration: underline;\"><span style=\"text-decoration: underline;\">Mini-Seepferdchen (kleines Einraddiplom) mit dem Hochrad:<\/span><\/span><\/h3>\n<p><span style=\"text-decoration: underline;\"><span style=\"text-decoration: underline;\">21.02.09 Nele M\u00fcnker<br \/>\n<\/span><\/span><\/p>\n<h3><span style=\"text-decoration: underline;\">Seepferdchen (Einraddiplom):<\/span><\/h3>\n<p>05.02.06 Lisa Muczinski<br \/>\n19.02.06 Steven Hillnh\u00fctter<br \/>\n05.11.06 Sonja Timmermann, Lisa Marie W\u00f6rster, Neele Kemper, Lina Gebhard, Clara Luisa Knebel<br \/>\n22.11.06 Merlissa Menzel<br \/>\n26.11.06 Lucy Vollmer, Tami Seidel<br \/>\n14.01.07 Carolin Langenbach<br \/>\n11.02.07 Anne Henrich, Juliana Horchler<br \/>\n25.02.07 Lara Breit, Stina Neugebauer<br \/>\n28.02.07 Sven Wessels<br \/>\n04.03.07 Imke Marie Greis, Lea Feltkamp<br \/>\n11.03.07 Eric Timmermann, D\u00f6rthe Spiers, Carina Spiers<br \/>\n12.07.07 Pia Klein<br \/>\n04.11.07 Sophia Oerter, Leonie Kl\u00f6ckner<br \/>\n11.11.07 Laura Batziakas, Lara Stracke, Daria S\u00e4nger<br \/>\n23.01.08 Melina Vorderstemann<br \/>\n09.02.08 Johanna Kl\u00f6ckner<br \/>\n10.02.08 Laura Schmelzer, Rebecca Rosm\u00fcller<br \/>\n23.02.08 Jana Thomas, Manja Sahm, Christina Hitsch, Lina Sophie Sch\u00e4fer, Anja Juffa, Alina Wiegand<br \/>\n28.02.08 Lisa Middeldorf, Lara Krug, Franziska Hansen, Anna-Luisa Dotzert<br \/>\n16.03.08 Hanna Mentzel<br \/>\n17.07.08 Julia M\u00fcller, Lisa Moritz, Anne Rike Moritz<br \/>\n09.11.08 Nele M\u00fcnker<br \/>\n30.11.08 Sarah Calzone, Eileen Krumm, Leonie Kuschina, Isabell Schreiber, Rosanna Schneider, Meike Schlabach, Nele Hermeling, Cosima Bartsch, Lara Edelhoff, Lea Werthenbach<br \/>\n21.02.09 Jule Feltkamp, Loreen Bartmann, Laura Pia Kolb, Julia K\u00f6lsch, Patricia MockenhaubtTeresa Sterzinger, Silvia Kurth, Lea M\u00fcnker<br \/>\n28.02.09 Anika Krause, Lili R\u00fcggemeier, Luisa Frank, Anmna-Lena Sch\u00e4fer<br \/>\n15.03.09 Jana Stahlschmidt<br \/>\n14.11.09 Wiebke Groos, Rica Lena Wei\u00df<br \/>\n17.11.10 Lena Bothur, Johanna Bothur<\/p>\n<h3><span style=\"text-decoration: underline;\"><span style=\"text-decoration: underline;\">Seepferdchen (Einraddiplom) mit dem Hochrad:<\/span><\/span><\/h3>\n<p>30.11.08 Paul Vieth mit dem Hochrad<br \/>\n15.03.09 Julia M\u00fcller<\/p>\n<h3><span style=\"text-decoration: underline;\">Seepferdchen Bronze (Einraddiplom Bronze):<\/span><\/h3>\n<p>25.02.07 Und stetig geht\u00b4s voran.<br \/>\nCarolin Langenbach und Steven Hillnh\u00fctter sind fast soweit, das Einraddiplom in Bronze zu schaffen!<br \/>\nEventuell findet am kommenden Mittwoch (28.02.07) in Kreuztal im Treff eine Abnahme statt. Sonja Timmermann (eine in unseren Kursen heraus stechende Einradfahrerin) hat voraussichtlich alle Chancen das Diplom zu bekommen!<br \/>\n28.02.07 Nur noch ein paar Kleinigkeiten haben Sonja heute vom Einraddiplom in Bronze abgehalten. Noch ein bisschen \u00fcben und es ist so weit!<br \/>\n11.03.07 nun ist es soweit: Sonja Timmermann<br \/>\n11.11.07 Eric Timmermann<br \/>\n09.02.08 Leonie Kl\u00f6ckner<br \/>\n28.02.09 Alina Wiegand<br \/>\n15.11.09 Lucy Vollmer<\/p>\n<h3><span style=\"text-decoration: underline;\">Seepferdchen Silber (Einraddiplom Silber):<\/span><\/h3>\n<p>am letzten Wochenende wurde es vollbracht, herzlichen Gl\u00fcckwunsch:<br \/>\n11.11.07 Sonja Timmermann<\/p>\n","protected":false},"excerpt":{"rendered":"<p>Stolze Inhaber des Einraddiploms unserer Kurse! Mini-Seepferdchen (kleines Einraddiplom): 05.02.06 Steven Hillnh\u00fctter, Anna Muczinski, Nele M\u00fcnker, Ina Fehling, Maja Birkner 12.02.06 Annabelle Kostian, Sandra D\u00f6mer, Lisa D\u00f6mer, Lea M\u00fcnker, 19.02.06 Johanna Meiners, Tami Seidel, Elena Warmknecht, Kevin Hillnh\u00fctter, Kirsa B\u00e4tzel 22.11.06 Lucy Vollmer, Sven Wessels, Melissa Schmidt 26.11.06 Louisa M\u00fcnker, Stina Neugebauer 14.01.07 Lea Feltkamp, [&hellip;]<\/p>\n","protected":false},"author":1,"featured_media":0,"parent":44,"menu_order":0,"comment_status":"open","ping_status":"open","template":"","meta":[],"_links":{"self":[{"href":"http:\/\/www.dergaukler.de\/wordpress\/index.php?rest_route=\/wp\/v2\/pages\/100"}],"collection":[{"href":"http:\/\/www.dergaukler.de\/wordpress\/index.php?rest_route=\/wp\/v2\/pages"}],"about":[{"href":"http:\/\/www.dergaukler.de\/wordpress\/index.php?rest_route=\/wp\/v2\/types\/page"}],"author":[{"embeddable":true,"href":"http:\/\/www.dergaukler.de\/wordpress\/index.php?rest_route=\/wp\/v2\/users\/1"}],"replies":[{"embeddable":true,"href":"http:\/\/www.dergaukler.de\/wordpress\/index.php?rest_route=%2Fwp%2Fv2%2Fcomments&post=100"}],"version-history":[{"count":25,"href":"http:\/\/www.dergaukler.de\/wordpress\/index.php?rest_route=\/wp\/v2\/pages\/100\/revisions"}],"predecessor-version":[{"id":103,"href":"http:\/\/www.dergaukler.de\/wordpress\/index.php?rest_route=\/wp\/v2\/pages\/100\/revisions\/103"}],"up":[{"embeddable":true,"href":"http:\/\/www.dergaukler.de\/wordpress\/index.php?rest_route=\/wp\/v2\/pages\/44"}],"wp:attachment":[{"href":"http:\/\/www.dergaukler.de\/wordpress\/index.php?rest_route=%2Fwp%2Fv2%2Fmedia&parent=100"}],"curies":[{"name":"wp","href":"https:\/\/api.w.org\/{rel}","templated":true}]}}